{"id":10,"date":"2010-12-08T21:01:03","date_gmt":"2010-12-08T20:01:03","guid":{"rendered":"http:\/\/gehirnsturm.info\/"},"modified":"2017-09-03T10:17:36","modified_gmt":"2017-09-03T08:17:36","slug":"impressum-2","status":"publish","type":"page","link":"http:\/\/gehirnsturm.info\/?page_id=10","title":{"rendered":"Impressum"},"content":{"rendered":"<p>Dieser Blog ist eine rein private Seite, ohne jedwelche kommerzielle Interessen.<\/p>\n<p>Der Blog geh\u00f6rt:<br \/>\n<img decoding=\"async\" src=\"http:\/\/gehirnsturm.info\/wp-content\/uploads\/2017\/09\/Impressum_70569.png\"\/><br \/>\n<span style=\"cursor: help;\"><span style=\"font-size:0.75em\"><font color=\"#999999\">(Wegen der Pers\u00f6nlichkeitsrechten benutze ich auf dieser privaten Seite eine Grafik, um meine Daten hier zu hinterlegen. Wer mich kontaktieren will, muss sich die M\u00fche machen, die Daten abzuschreiben; c&#038;p funktioniert nicht)<\/font><\/span><\/span><\/p>\n<p>Kontakt: blog [klammeraffe] gehirnsturm.info<br \/>\n<span style=\"cursor: help;\"><span style=\"font-size:0.75em\"><font color=\"#999999\">([klammeraffe] und Leerzeichen durch das bekannte &#8222;@&#8220; ersetzen. Ein kl. Schutz vor Spam)<\/font><\/span><\/span><br \/>\nVerschl\u00fcsselte Mitteilungen k\u00f6nnen mit dem <a href=\"http:\/\/gehirnsturm.info\/?page_id=5680\"><u><i>PGP-Schl\u00fcssel<\/i><\/u><\/a> erfolgen<\/p>\n<p><span style=\"cursor: help;\">Das an dieser Stelle Namen, Adresse und Mailfach ver\u00f6ffentlicht sind, berechtigt nicht dazu, diese f\u00fcr Werbung zu nutzen oder eine &#8222;<\/span>mutma\u00dfliche Einwilligung&#8220; her zu leiten.<\/p>\n<p>Gem\u00e4\u00df dem BDSG widerspreche ich jedwelche Nutzung dieser Daten. Diese dienen nur dazu, mich wegen Inhalten dieses Blogs zu kontaktieren.<\/p>\n<p>Es ist den Besuchern des Blogs erlaubt Kommentare einzustellen. Diese werden m\u00f6glichst Zeitnah auf dessen Inhalt, besonders Links und Grafiken \u00fcberpr\u00fcft. Da es mir nicht m\u00f6glich ist, dies 24 Std. am Tag zeitnah durchzuf\u00fchren und auch ich nicht ohne Fehler bin, bitte ich Unregelm\u00e4\u00dfigkeiten mir \u00fcber die obige Mailadresse mitzuteilen.<\/p>\n<p>Mir ist das Pers\u00f6nlichkeits-, sowie Privatrecht und als kreativ arbeitender Mensch auch das Urheberrecht wichtig. Ich werde keine Missachtung dieser Rechte dulden.<\/p>\n<p><u><em>Anonymer Kontakt:<\/em><\/u><br \/>\nEin anonymer Kontakt als solches ist leider nicht mehr (zumindest mit zumutbarem Aufwand) m\u00f6glich.<br \/>\nWer mich anonym erreichen will sollte sich eine Wegwerfadresse einrichten und mir dann die Mail zusenden.<br \/>\nWichtiger als einen Anonymen Absender scheint mir inzwischen, das der Inhalt sicher versendet werden kann. Deswegen habe ich mich dazu entschlossen f\u00fcr meine Mails eine verschl\u00fcsselte Versendung per dem OpenPGP-System anzubieten. Der \u00f6ffentliche Schl\u00fcssel zur Verschl\u00fcsselung der Mail findet man hier: <a href=\"http:\/\/gehirnsturm.info\/?page_id=5680\"><u><i>PGP-Schl\u00fcssel<\/i><\/u><\/a><\/p>\n","protected":false},"excerpt":{"rendered":"<p>Dieser Blog ist eine rein private Seite, ohne jedwelche kommerzielle Interessen. Der Blog geh\u00f6rt: (Wegen der Pers\u00f6nlichkeitsrechten benutze ich auf dieser privaten Seite eine Grafik, um meine Daten hier zu hinterlegen. Wer mich kontaktieren will, muss sich die M\u00fche machen, &hellip; <a href=\"http:\/\/gehirnsturm.info\/?page_id=10\">Weiterlesen <span class=\"meta-nav\">&rarr;<\/span><\/a><\/p>\n","protected":false},"author":2,"featured_media":0,"parent":0,"menu_order":4,"comment_status":"closed","ping_status":"closed","template":"","meta":[],"_links":{"self":[{"href":"http:\/\/gehirnsturm.info\/index.php?rest_route=\/wp\/v2\/pages\/10"}],"collection":[{"href":"http:\/\/gehirnsturm.info\/index.php?rest_route=\/wp\/v2\/pages"}],"about":[{"href":"http:\/\/gehirnsturm.info\/index.php?rest_route=\/wp\/v2\/types\/page"}],"author":[{"embeddable":true,"href":"http:\/\/gehirnsturm.info\/index.php?rest_route=\/wp\/v2\/users\/2"}],"replies":[{"embeddable":true,"href":"http:\/\/gehirnsturm.info\/index.php?rest_route=%2Fwp%2Fv2%2Fcomments&post=10"}],"version-history":[{"count":14,"href":"http:\/\/gehirnsturm.info\/index.php?rest_route=\/wp\/v2\/pages\/10\/revisions"}],"predecessor-version":[{"id":5886,"href":"http:\/\/gehirnsturm.info\/index.php?rest_route=\/wp\/v2\/pages\/10\/revisions\/5886"}],"wp:attachment":[{"href":"http:\/\/gehirnsturm.info\/index.php?rest_route=%2Fwp%2Fv2%2Fmedia&parent=10"}],"curies":[{"name":"wp","href":"https:\/\/api.w.org\/{rel}","templated":true}]}}