{"id":1785,"date":"2010-12-09T13:28:26","date_gmt":"2010-12-09T12:28:26","guid":{"rendered":"http:\/\/gehirnsturm.info\/"},"modified":"2012-08-13T10:04:58","modified_gmt":"2012-08-13T08:04:58","slug":"1785-2","status":"publish","type":"page","link":"http:\/\/gehirnsturm.info\/?page_id=1785","title":{"rendered":"Historie des Blogs"},"content":{"rendered":"<p>Stuttgart, den 11.12.2010<\/p>\n<p>Die Idee einer Seite, in der nicht spartenspezifisch auf gesellschaftliche Themen Stellung bezogen wird gab es schon lange.<br \/>\nEin guter Freund von mir (Soziologe) hat sich mal eine ganz kurze Zeit unter dem Namen &#8222;Gehirnsturm&#8220; auf verschiedenen Plattformen ge\u00e4u\u00dfert. Dabei entstand die Idee einer eigenen Seite, in der man seine mehr oder weniger wichtigen Gehirnwinde hinterlassen kann. Nun, ein Blick in die Domains hat gezeigt, das eben diese noch frei war und ich habe sie sofort geschnappt.<br \/>\nAber wie so oft, kommt es 1. anders und 2. als man(n) denkt.<br \/>\nMich hat es nach Stuttgart verschlagen und meinen norddeutscher Freund wegen eines Auftrages nach \u00dcbersee.<br \/>\nDann gab es den ber\u00fchmten Schalter.<\/p>\n<p>In meinem Fall war dies der \u00c4rger von &#8222;Alexander Lehmann&#8220; mit der &#8222;Agentur KemperTrautmann&#8220;, die sich f\u00fcr die Kampagne &#8222;Du bist Deutschland&#8220; verantwortlich zeichnet und alle Rechte daf\u00fcr beansprucht. Streitpunkt war die Videoarbeit von Alexander Lehmann &#8222;Du bist Terrorist&#8220; Innerhalb von nicht mal einer Stunde stand die Domainbestellung und der erste Blog (dank <a href=\"http:\/\/hosting.actrophp.de\/\">&#8222;actro&#8220;<\/a>) stand. Der Titel und Domainname war &#8222;ichbinterrorist.de&#8220;, ganz nach dem Motto des Video-Clips.<\/p>\n<p>Was aus diesem Blog dann entstanden ist, hatte ich selbst nicht erwartet. Begeisterung und Hass str\u00f6mten mir entgegen. Beides Zeichen, das ich was Richtig mache (zumindest einiges) oder zumindest f\u00fcr einige wichtig ist.<\/p>\n<p>Neben \u00c4u\u00dferungen und Positionierungen von mir zu gesellschaftlichen und politischen Themen (wie z.B. AKW und Stuttgart 21, wie auch Fremdenhass und einiges mehr) setzte ich einen weiteren Schwerpunkt im Aufzeigen, das man sich pers\u00f6nlich nicht alles gefallen lassen muss und man nicht alles so annehmen muss, wie man es im ersten Eindruck pr\u00e4sentiert bekommt.<br \/>\nSo habe ich im alten Blog die Urteile um <a href=\"http:\/\/gehirnsturm.info\/2010\/06\/update-lovebuy-de-und-die-gewonnen-urteile\/\">&#8222;Lovebuy&#8220;<\/a> mal angeschaut und aus meinem Blickwinkel kommentiert, wobei ich mit der Interpretation des Betreibers dieser Abzocke nicht konform ging, das diese Urteile beweisen, das einem nichts anderes \u00fcbrig bleibt, als zu zahlen.<br \/>\nAuf der anderen Seite zeige ich an konkreten Beispielen, wie man sein Recht einfordern kann, wie z.B. bei der EnBW oder auch der IHK im Bereich Datenauskunft.<br \/>\nDatenauskunft ist ein Thema, das mir pers\u00f6nlich wichtig ist und sich in meiner Meinung auf die <a href=\"http:\/\/gehirnsturm.info\/2010\/10\/das-recht-auf-anonymitat\/\">&#8222;informationelle Selbstbestimmung<\/a>&#8220; basiert.<br \/>\nAuch andere Bereiche, wie Verbraucherschutz, werden beleuchtet und auch mal klar gemacht, wann man besser auf sein Recht verzichtet (so z.B. durch die Insolvenz von &#8222;<a href=\"http:\/\/gehirnsturm.info\/2010\/03\/germanoffice-insolvenz-gewahrleistung-vs-garantie-und-die-frage-wann-man-besser-auf-sein-recht-verzichtet\/\">GermanOffice<\/a>&#8222;).<br \/>\nGerade um die Klagen auf Datenauskunft will ich auch auf das Kostenrisiko eingehen.<br \/>\nDas Wichtigste f\u00fcr mich ist aber, das man mir nicht wie &#8222;Lemminge&#8220; folgt, sondern, das man eigene Entscheidungen f\u00e4llt und auch mich und meine Aussagen hinterfragt. Ich bin weder Perfekt, noch ein Trendsetter. Deswegen hoffe ich, bzw. mein Blog zu einem Kult wird, aber ebenso hoffe ich, dass der Blog trotzdem eine kritische Beachtung findet.<\/p>\n<p><u>Warum nun also einen &#8222;neuen&#8220; Blog unter anderem Namen?<\/u><br \/>\nNun, der Blogname &#8222;Ich bin Terrorist&#8220; ist nicht das, was ich will oder was ich bin. Ich bezeichne mich als Gewaltlos oder Gewaltfrei (aber nicht als Pazifist!) Ich kann das Tun von Terroristen nicht guthei\u00dfen. Die Aussage &#8222;Ich bin Terrorist&#8220; ist im Zusammenhang mit der Kriminalisierung der Bev\u00f6lkerung durch die Politik und Regierung (verdachtsunabh\u00e4ngige Datenspeicherung, \u00dcberwachung von Telefonverbindungen etc.) als politische Aussage richtig, aber nicht als pers\u00f6nliche Positionserkl\u00e4rung. Ich bin kein Terrorist, sondern die Regierung und Politik verd\u00e4chtigt erst mal jeden als eben ein solcher.<br \/>\nDeswegen will ich aus diesem Kontext heraus nicht noch \u00fcber Jahre meine Meinung nieder schreiben.<\/p>\n<p><u>Was wird sich \u00e4ndern?<\/u><br \/>\nNun, kurz gesagt nichts!<br \/>\nWas nat\u00fcrlich so nicht ganz stimmt. Inhaltlich wird sich nichts \u00e4ndern. In diesen Blog habe ich die alten Artikel (fast alle) reinkopiert und somit hier mit integriert. Der alte Blog &#8222;ichbinterrorist.de&#8220; sollte urspr\u00fcnglich erhalten bleiben. Da aber mein damaliger Provider seine Nebent\u00e4tigkeit als eben solcher aufgeben wollte, hatte ich mich dazu entschieden, die Domain und den Inhalt komplett auf zu geben. So ersparte ich mir einen Umzug der Domain und des Inhaltes. Anfang 2011 habe ich dann allen Inhalt vom Server gel\u00f6scht. Was im Zusammenhang mit dem dann im Sommer 2011 ergebenen Urheberrechtsstreit interessant war (siehe <a href=\"http:\/\/gehirnsturm.info\/?p=4048\">&#8222;Heinz Erhardt, die Erbengemeinschaft, der Lappan-Verlag und die RA-Kanzlei KSP&#8220;<\/a>)<br \/>\n<u>Was wird hier in dem Blog &#8222;Gehirnsturm&#8220; anders laufen?<\/u><br \/>\nNun, zuerst einmal, kann man sich auf diesen Blog, aus meiner Erfahrung des Blogs &#8222;Ich bin Terrorist&#8220; nicht anmelden. So vermeide ich es nebenbei, mich mit Spam-Anmeldungen herum zu schlagen (mir reichen schon die Spam-Kommentare). Kommentare werden weiter von mir h\u00e4ndisch frei geschaltet.<br \/>\nGab es auf &#8222;Ich bin Terrorist&#8220; nur einen einzigen Autor, n\u00e4mlich meine Wenigkeit wird es in diesem Blog einen Gastautor geben. Dabei handelt es sich um den oben erw\u00e4hnten Freund. Dieser wird (wahrscheinlich viel zu selten) ab und an seine grunds\u00e4tzlichen Gedanken zu gesellschaftlichen Ereignissen im Besonderen oder im Allgemeinen hier einstellen. Dies wird er unter dem Pseudonym &#8222;Gehirnsturm&#8220; machen. Da er aus beruflichen Gr\u00fcnden sein <a href=\"http:\/\/gehirnsturm.info\/2010\/10\/das-recht-auf-anonymitat\/\">&#8222;Recht auf Anonymit\u00e4t&#8220;<\/a> wahren will, werde ich die inhaltliche Verantwortung f\u00fcr die Texte \u00fcbernehmen. Ich werde selbst weiterhin unter dem Pseudonym &#8222;Gaston&#8220; schreiben (Meine Realdaten sind ja im Impressum lesbar).<\/p>\n<p>Ich freue mich, wenn Ihr auch diesen Blog genau so intensiv lest, wie meinen alten und auch Eure Meinung weiterhin dazu beitragt (evtl. sogar etwas reger, als bisher?).<\/p>\n<p>In diesem Sinne viel Spa\u00df oder besser viel Anregung durch und in meinem Blog!<\/p>\n<p>Euer Gaston<\/p>\n","protected":false},"excerpt":{"rendered":"<p>Stuttgart, den 11.12.2010 Die Idee einer Seite, in der nicht spartenspezifisch auf gesellschaftliche Themen Stellung bezogen wird gab es schon lange. Ein guter Freund von mir (Soziologe) hat sich mal eine ganz kurze Zeit unter dem Namen &#8222;Gehirnsturm&#8220; auf verschiedenen &hellip; <a href=\"http:\/\/gehirnsturm.info\/?page_id=1785\">Weiterlesen <span class=\"meta-nav\">&rarr;<\/span><\/a><\/p>\n","protected":false},"author":2,"featured_media":0,"parent":0,"menu_order":5,"comment_status":"closed","ping_status":"closed","template":"","meta":[],"_links":{"self":[{"href":"http:\/\/gehirnsturm.info\/index.php?rest_route=\/wp\/v2\/pages\/1785"}],"collection":[{"href":"http:\/\/gehirnsturm.info\/index.php?rest_route=\/wp\/v2\/pages"}],"about":[{"href":"http:\/\/gehirnsturm.info\/index.php?rest_route=\/wp\/v2\/types\/page"}],"author":[{"embeddable":true,"href":"http:\/\/gehirnsturm.info\/index.php?rest_route=\/wp\/v2\/users\/2"}],"replies":[{"embeddable":true,"href":"http:\/\/gehirnsturm.info\/index.php?rest_route=%2Fwp%2Fv2%2Fcomments&post=1785"}],"version-history":[{"count":16,"href":"http:\/\/gehirnsturm.info\/index.php?rest_route=\/wp\/v2\/pages\/1785\/revisions"}],"predecessor-version":[{"id":1811,"href":"http:\/\/gehirnsturm.info\/index.php?rest_route=\/wp\/v2\/pages\/1785\/revisions\/1811"}],"wp:attachment":[{"href":"http:\/\/gehirnsturm.info\/index.php?rest_route=%2Fwp%2Fv2%2Fmedia&parent=1785"}],"curies":[{"name":"wp","href":"https:\/\/api.w.org\/{rel}","templated":true}]}}