{"id":2112,"date":"2011-04-25T22:12:40","date_gmt":"2011-04-25T20:12:40","guid":{"rendered":"http:\/\/gehirnsturm.info\/?page_id=2112"},"modified":"2011-06-19T11:56:40","modified_gmt":"2011-06-19T09:56:40","slug":"datenschutzerklarung","status":"publish","type":"page","link":"http:\/\/gehirnsturm.info\/?page_id=2112","title":{"rendered":"Datenschutzerkl\u00e4rung"},"content":{"rendered":"<p><u><b>Pr\u00e4ambel<\/b><\/u><\/p>\n<p>Mir ist der Datenschutz wichtig. Von daher habe ich mich bem\u00fcht, auf meine Seite den Datenschutz soweit dies m\u00f6glich ist und f\u00fcr mich vertretbar zu gew\u00e4hrleisten.<br \/>\nSo benutze ich zwar <a href=\"http:\/\/www.statpress.org\/\">&#8222;StatPress&#8220;<\/a>, um ein &#8222;\u00dcberblick&#8220; \u00fcber die Besucher und wo diese her kommen zu haben. Aber es werden keine IPs aufgef\u00fchrt und der \u00dcberblick ist auf eine gewisse Frist begrenzt. Auch auf dem Server selbst wird auf Speicherung von IP-Adressen verzichtet. <\/p>\n<p>Ich nehme da bewusst die Nachteile, die sich dadurch ergeben in Kauf und handle da ganz nach dem Motto des ersten Soloprogramm des Kabarettisten Richard Rogler:<br \/>\n<big><b>&#8222;Freiheit Aushalten&#8220;<\/b><\/big><\/p>\n<p>Das Recht der Besucher auf das &#8222;Recht auf Anonymit\u00e4t&#8220; ist ein Recht, das mich halt die Nachteile in Kauf nehmen lassen muss.<br \/>\nIch bin aber kein Heiliger, der bereit ist sich selbst zu kasteien. Wenn es zu meinem pers\u00f6nlichen Schutz notwendig wird, werde ich die Einstellungen so \u00e4ndern, das eine Registrierung der Besucher erfolgt. F\u00fcr mich pers\u00f6nlich sind diese Daten dann Tabu, aber ich werde kein Problem haben diese Daten dann an entsprechende Hoheitliche Stellen weiter zu geben, um mich zu sch\u00fctzen.<\/p>\n<p>Was im einzelnen beim Besuch meiner Seite passiert, wird im folgenden aufgegliedert auf den verschiedenen Ebenen dargestellt.<\/p>\n<p><u><b>Server<\/b><\/u><\/p>\n<p>Wie alle Webseiten, ist auch diese auf einem Server gelegen.<br \/>\nBei mir ist es der Anbieter <a href=\"http:\/\/all-inkl.com\/\">&#8222;all-inkl.com&#8220;<\/a> (das ist als Info zu sehen und nicht als Werbung), der mir die M\u00f6glichkeit gibt, die Logfiles entweder komplett, IP-Adressen gek\u00fcrzt, ohne IP-Adressen oder gar nicht zu speichern.<br \/>\n<b>Ich speichere keine Logfiles!<\/b><\/p>\n<p><u><b>Webseite<\/b><\/u><\/p>\n<p>Meine Seite &#8222;Gehirnsturm.info&#8220; basiert auf der Software &#8222;WordPress&#8220;. Das benutzte Therme (Oberfl\u00e4chenoptik) ist &#8222;Twenty Ten 1.2&#8220;, das eine menge Gestaltungsm\u00f6glichkeiten bietet. Beim Besuch der Seite &#8222;Gehirnsturm.info&#8220; werden verschiedene Daten ermittelt.<br \/>\nIch benutze f\u00fcr einen kleinen \u00dcberblick StatPress.<br \/>\n<strong>StatPress:<\/strong><br \/>\nStatPress ist ein Statistik-Programm, mit dem ich die Besuchsverl\u00e4ufe beobachten kann, also welche Seiten von mir Besucht werden und von welchen Seiten man kommt, je nach Herkunft, kann ich z.B. auch sehen mit welcher Suchanfrage man von einer Suchmaschine kommt.<br \/>\nStatPress bietet in den Einstellungen die M\u00f6glichkeit IP-Adresse kryptisch ver\u00e4ndern zu lassen (Funktion: &#8222;Crypt IP addresses&#8220;). Diese Option wird von mir aus meinem Verst\u00e4ndnis der &#8222;informationelle Selbstbestimmung&#8220; genutzt.<br \/>\nAuch StatPress bietet einige Einstellungsm\u00f6glichkeiten, wovon ich meine hier beschreiben werde:<br \/>\nBesucherzahlen:<br \/>\nDie Besucherzahlen werden ohne weitere Information aufgeteilt in<br \/>\n&#8211; Besucher<br \/>\n&#8211; Seitenzugriffe<br \/>\n&#8211; Spiders<br \/>\n&#8211; Feeds<br \/>\nauf einem Balken aufgeteilt. Ich lasse mir den Balken\u00fcberblick f\u00fcr 50 Tage anzeigen. Ebenso bekomme ich die Zugriffszahlen in der obigen Aufteilung f\u00fcr den Aktuellen Tag, dem Tag davor, dem aktuellen Monat, die Hochrechnung auf die rechnerischen Zugriffszahlen des Monats auf Grund des bisherigen Durchschnittes der Besucherzahlen im laufenden Monat, sowie den Vormonat und die Zugriffszahlen Insgesamt als absolute Zahlen angezeigt. Da ich die Erfassung der Besucherzahlen grunds\u00e4tzlich auf 3 Monate begrenzt habe, sind die &#8222;Insgesamt&#8220;-Zahlen auch nur f\u00fcr eben diesen Zeitraum und nicht die Zahlen f\u00fcr den Zugriff seit bestehen des Blogs.<br \/>\n3 Monate waren notwendig, da ich nur so auch den echten Vergleich des Vormonats mit dem laufenden Monat habe. Das geschieht auch nur aus reiner Neugier und es wird von mir nichts davon dauerhaft gespeichert. Dies bedeutet das diese statistischen Daten nach 3 Monaten gel\u00f6scht werden.<\/p>\n<p>Dazu gibt es noch Daten, die die letzten Zugriffe anzeigen.<br \/>\nDazu geh\u00f6ren vor allem:<br \/>\n&#8211; <u>Letzte Seitenzugriffe<\/u>, was dann wie folgt aussieht (es ist ein Zugriff von mir, weswegen ich hier keinen Dritten in seinen Rechten beeintr\u00e4chtige):<br \/>\n<a href=\"http:\/\/gehirnsturm.info\/?attachment_id=2219\" rel=\"attachment wp-att-2219\"><img decoding=\"async\" loading=\"lazy\" src=\"http:\/\/gehirnsturm.info\/wp-content\/uploads\/2011\/04\/Seitenzugriff.png\" alt=\"\" title=\"Seitenzugriff\" width=\"640\" height=\"86\" class=\"alignleft size-full wp-image-2219\" srcset=\"http:\/\/gehirnsturm.info\/wp-content\/uploads\/2011\/04\/Seitenzugriff.png 640w, http:\/\/gehirnsturm.info\/wp-content\/uploads\/2011\/04\/Seitenzugriff-300x40.png 300w\" sizes=\"(max-width: 640px) 100vw, 640px\" \/><\/a><br \/>\n&#8211; <u>Letzte Suchbegriffe<\/u>, die ohne weitere Informationen, der Herkunft des suchenden angezeigt werden, wohl aber welche Suchmaschine verwendet wurde:<br \/>\n<a href=\"http:\/\/gehirnsturm.info\/?attachment_id=2220\" rel=\"attachment wp-att-2220\"><img decoding=\"async\" loading=\"lazy\" src=\"http:\/\/gehirnsturm.info\/wp-content\/uploads\/2011\/04\/Suchbegriff.png\" alt=\"\" title=\"Suchbegriff\" width=\"640\" height=\"40\" class=\"alignleft size-full wp-image-2220\" srcset=\"http:\/\/gehirnsturm.info\/wp-content\/uploads\/2011\/04\/Suchbegriff.png 640w, http:\/\/gehirnsturm.info\/wp-content\/uploads\/2011\/04\/Suchbegriff-300x18.png 300w\" sizes=\"(max-width: 640px) 100vw, 640px\" \/><\/a><br \/>\n&#8211; <u>Letzte Refferer<\/u>, die Anzeigen, von wo (welche Seite, die auf meine Seite verlinkt hat) Besucher gekommen sind:<br \/>\n<a href=\"http:\/\/gehirnsturm.info\/?attachment_id=2221\" rel=\"attachment wp-att-2221\"><img decoding=\"async\" loading=\"lazy\" src=\"http:\/\/gehirnsturm.info\/wp-content\/uploads\/2011\/04\/Refferer.png\" alt=\"\" title=\"Refferer\" width=\"640\" height=\"50\" class=\"alignleft size-full wp-image-2221\" srcset=\"http:\/\/gehirnsturm.info\/wp-content\/uploads\/2011\/04\/Refferer.png 640w, http:\/\/gehirnsturm.info\/wp-content\/uploads\/2011\/04\/Refferer-300x23.png 300w\" sizes=\"(max-width: 640px) 100vw, 640px\" \/><\/a><br \/>\n&#8211; <u>Letzte Programme<\/u>, mit welchem Programm, also Betriebssystem und Browser meine Seite Besucht wird:<br \/>\n<a href=\"http:\/\/gehirnsturm.info\/?attachment_id=2222\" rel=\"attachment wp-att-2222\"><img decoding=\"async\" loading=\"lazy\" src=\"http:\/\/gehirnsturm.info\/wp-content\/uploads\/2011\/04\/Programme.png\" alt=\"\" title=\"Programme\" width=\"640\" height=\"72\" class=\"alignleft size-full wp-image-2222\" srcset=\"http:\/\/gehirnsturm.info\/wp-content\/uploads\/2011\/04\/Programme.png 640w, http:\/\/gehirnsturm.info\/wp-content\/uploads\/2011\/04\/Programme-300x33.png 300w\" sizes=\"(max-width: 640px) 100vw, 640px\" \/><\/a><br \/>\n&#8211; <u>Letzte Seiten<\/u>, welche Seiten zuletzt auf der Webseite aktiv waren:<br \/>\n<a href=\"http:\/\/gehirnsturm.info\/?attachment_id=2223\" rel=\"attachment wp-att-2223\"><img decoding=\"async\" loading=\"lazy\" src=\"http:\/\/gehirnsturm.info\/wp-content\/uploads\/2011\/04\/Seiten.png\" alt=\"\" title=\"Seiten\" width=\"640\" height=\"82\" class=\"alignleft size-full wp-image-2223\" srcset=\"http:\/\/gehirnsturm.info\/wp-content\/uploads\/2011\/04\/Seiten.png 640w, http:\/\/gehirnsturm.info\/wp-content\/uploads\/2011\/04\/Seiten-300x38.png 300w\" sizes=\"(max-width: 640px) 100vw, 640px\" \/><\/a><br \/>\n&#8211; <u>Last spiders<\/u>, welche &#8222;Suchmaschinen&#8220; (Bots) die Webseite nach Inhalten durchsucht hat:<br \/>\n<a href=\"http:\/\/gehirnsturm.info\/?attachment_id=2224\" rel=\"attachment wp-att-2224\"><img decoding=\"async\" loading=\"lazy\" src=\"http:\/\/gehirnsturm.info\/wp-content\/uploads\/2011\/04\/Spider.png\" alt=\"\" title=\"Spider\" width=\"640\" height=\"43\" class=\"alignleft size-full wp-image-2224\" srcset=\"http:\/\/gehirnsturm.info\/wp-content\/uploads\/2011\/04\/Spider.png 640w, http:\/\/gehirnsturm.info\/wp-content\/uploads\/2011\/04\/Spider-300x20.png 300w\" sizes=\"(max-width: 640px) 100vw, 640px\" \/><\/a><\/p>\n<p><i>(So weit die Angaben nicht editiert sind, handelt es sich um Daten von meinem &#8222;Besuch&#8220; mit dem &#8222;Chrome-Browser&#8220; oder allgemeine \u00f6ffentliche URLs oder Angaben, die nicht Personenbezogen sind -Bot, Robot, etc.-)<\/i><\/p>\n<p>Bei den vorherigen Auflistungen werden jeweils die letzten 10 Ereignisse des Bereiches angezeigt, soweit die Daten innerhalb der 3 Monate Erfassungsfrist liegen. Ansonsten entsprechend weniger (was mir aber &#8222;nur&#8220; in den ersten Tagen des online-Gehens der Fall war). Eine dauerhafte Speicherung dieser Informationen erfolgt nicht, weder von der Software, noch von mir.<br \/>\n<i>(Auch die Gesamtbilder der Ausschnitte hier wurden von mir nach der \u00dcberarbeitung gel\u00f6scht und nicht verwertet)<\/i><\/p>\n<p>Weiter wird die Hitliste und weitere Statistiken der verschiedensten Bereiche in Tortendiagramme angezeigt. Dabei werden alle Daten der letzten 3 Monate ber\u00fccksichtigt.<br \/>\nDarunter fallen die:<br \/>\n&#8211; &#8222;Top days&#8220; <i>(die 5 meistbesuchten Tage -Seitenzugriffe aller Art-)<\/i><br \/>\n&#8211; &#8222;O.S.&#8220; <i>(die Betriebssysteme und deren mengenm\u00e4\u00dfige Verteilung der Besucher)<\/i><br \/>\n&#8211; &#8222;Browser&#8220; <i>(die Browser, die die Besucher verwendeten und die Anteile der einzelnen Browser)<\/i><br \/>\n&#8211; &#8222;Feeds&#8220; <i>(Anteilige Verteilung der benutzten Feeds)<\/i><br \/>\n&#8211; &#8222;Search engines&#8220; <i>(Anteilige Verteilung der benutzten Suchmaschinen)<\/i><br \/>\n&#8211; &#8222;Top search terms&#8220; <i>(die 20 meistbenutzten Suchbegriffe)<\/i><br \/>\n&#8211; &#8222;Top referrer&#8220; <i>(die 10 Seiten, von denen die meisten Besucher auf meine Seite kamen)<\/i><br \/>\n&#8211; &#8222;Countries\/Languages&#8220; <i>(Herkunft der Besucher und die Anteile auf die L\u00e4nder)<\/i><br \/>\n&#8211; &#8222;Spiders&#8220; <i>(Verteilung der einzelnen Bots, die die Seiten f\u00fcr Suchmaschinen durchsuchen)<\/i><br \/>\n&#8211; &#8222;Top pages&#8220; <i>(die 5 meistbesuchten Seiten des Blogs)<\/i><br \/>\n&#8211; &#8222;Top Days &#8211; Unique visitors&#8220; <i>(die 5 Toptage an &#8222;Besuchern&#8220;)<\/i><br \/>\n&#8211; &#8222;Top Days &#8211; Pageviews&#8220; <i>(die 5 Toptage der &#8222;Seitenzugriffe&#8220;)<\/i><br \/>\n&#8211; &#8222;Top IPs &#8211; Pageviews&#8220; <i>(die 5 Top IP-Adressen -hier die Top kryptischen Adressen-)<\/i><\/p>\n<p>Ich weise nochmals darauf hin, das auf Grund meiner Einstellungen bei diesen Tortendiagrammen nur die Statistischen Werte der letzten 3 Monate verwendet werden. Somit handelt es sich auch immer nur um ein Statistisches Bild der letzten 3 Monate. Einige Anzeigen sind nicht Statistik richtig, da durch die kryptische Anzeige der IP-Adresse einige Informationen nicht \u00fcbermittelt werden. Ich selbst betrachte diese Seite nie, habe es hier nur wegen der Datenschutzerkl\u00e4rung gemacht.<\/p>\n<p>Zuletzt gibt es noch eine Statistikseite, die &#8222;Besucherinformationen&#8220; enth\u00e4lt. Dort werden die letzten 20 Besucher aufgezeigt und welche Bewegungen diese auf meiner Seite gemacht haben aufgezeigt. Dabei kann dies ja nachdem wie jemand auf meine Seite kommt verschiedene Informationen liefern. Neben der kryptisch ver\u00e4nderten IP-Adresse die Informationen \u00fcber Betriebssystem und Browser. Dann von wo man gekommen ist, wie z.B. einer Suchmaschine oder einer anderen Webseite, die auf meine Seite verlinkt hat (=Referrer). Bei den Suchmaschinen kann je nach Benutzerart auch der Suchbegriff mit \u00fcbermittelt werden. Wie dies aussieht zeige ich am Beispiel eines Besuchs f\u00fcr diese Datenschutzerkl\u00e4rung, die ich als normaler Besucher mit einem &#8222;Chrome-Browser&#8220; gemacht habe. Dabei habe ich auch mal einen Zugriff \u00fcber eine Suchmaschine get\u00e4tigt:<br \/>\n<a href=\"http:\/\/gehirnsturm.info\/?attachment_id=2225\" rel=\"attachment wp-att-2225\"><img decoding=\"async\" loading=\"lazy\" src=\"http:\/\/gehirnsturm.info\/wp-content\/uploads\/2011\/04\/Besucher_info.png\" alt=\"\" title=\"Besucher_info\" width=\"640\" height=\"126\" class=\"alignleft size-full wp-image-2225\" srcset=\"http:\/\/gehirnsturm.info\/wp-content\/uploads\/2011\/04\/Besucher_info.png 640w, http:\/\/gehirnsturm.info\/wp-content\/uploads\/2011\/04\/Besucher_info-300x59.png 300w\" sizes=\"(max-width: 640px) 100vw, 640px\" \/><\/a><br \/>\nAuch hier gilt, das nur die letzten 20 Besucher angezeigt werden. Diese Deteilinformationen werden nicht dauerhaft gespeichert.<br \/>\n<i>(Auch hier die Bemerkung, dass das Gesamtbild des obigen Ausschnitt von mir nach der Bearbeitung gel\u00f6scht wurde)<\/i><\/p>\n<p><u>Akismet<\/u><br \/>\nAkismet gilt Datenrechtlich als bedenklich, von daher verzichte ich auf dieses &#8222;Plugin&#8220;.<br \/>\nDer Grund daf\u00fcr, das Akismet bedenklich ist, liegt daran, das alle Daten (&#8222;u.a. die E-Mail Adresse, die IP, den Namen, den Inhalt des Kommentars, die UserID von angemeldeten Usern, Serverdaten und und und&#8220; &#8211; aus &#8222;medien-gerecht&#8220;) an den Service auf einen Server in die USA gesendet werden und dort dann mit der eigenen Datenbank abgeglichen wird. Was letztendlich mit den \u00fcbertragenen Daten geschieht, das entzieht sich der eigenen Kontrolle. Schon allein das die USA-Regierung selbst jedes Pers\u00f6nlichkeitsrecht und Menschenrechte missachten, mit dem Torschlagargument  Terror l\u00e4sst mich daran zweifeln, das diese Daten nicht missbraucht werden. Mehr Infos zum Thema Akismet und Datenschutz hier: <a href=\"http:\/\/www.medien-gerecht.de\/2009\/01\/14\/einsatz-von-akismet-verstoesst-gegen-datenschutz\/\">medien-gerecht &#8211; &#8222;Einsatz von Akismet verst\u00f6\u00dft gegen Datenschutz&#8220;<\/a> und aktuell (20.4.2011) auf WordPress-Deutschland: <a href=\"http:\/\/blog.wordpress-deutschland.org\/2011\/04\/20\/akismet-und-datenschutz-einwilligung-per-opt-in-notwendig.html\">&#8222;Akismet und Datenschutz: Einwilligung per Opt-In notwendig&#8220;<\/a>.<br \/>\nVon daher verzichte ich lieber auf einen solchen Spam-Dienst. Derzeit l\u00e4uft bei mir keine Spam-Erkennung. Da ich alle Kommentare h\u00e4ndisch frei schalte bedeutet dies halt etwas mehr Arbeit f\u00fcr mich.<br \/>\n<s>Als Alternative wird das deutsche &#8222;Antispam Bee&#8220; genannt. Ich habe mir dieses Plugin bereits hochgeladen, aber noch nicht aktiviert, da ich mich mit dem Plugin erst mal besch\u00e4ftigen will.<br \/>\nEr gibt also auf meiner Seite keine Antispam-Software, bei der Daten an Dritte weiter gesendet werden.<\/s><\/p>\n<p><u>Antispam Bee<\/u><br \/>\nSeit dem 01.06.2011 benutze ich zur Spamabwehr bei der Kommentarfunktion das Plugin <a href=\"http:\/\/antispambee.de\/\">&#8222;Antispam Bee&#8220;<\/a>.<br \/>\nEs handelt sich dabei um einen lernf\u00e4higen Spamfilter. Das Plugin ist aus Deutschland und ist im Gegensatz zu Akismet nicht Datenschutzrechtlich bedenklich. Zu dem Plugin hei\u00dft es auf der Infoseite unter anderem:<\/p>\n<blockquote><p><font color=\"#ff00ff\">Woran unterscheidet sich Antispam Bee von existierenden L\u00f6sungen?<\/p>\n<p>    * Antispam Bee speichert keine IP-Adressen (Datenschutz-konform).<br \/>\n    * Antispam Bee schlie\u00dft Kommentare aus gew\u00fcnschten L\u00e4ndern aus.<br \/>\n    * Antispam Bee lernt dazu und nimmt bereits markierten Spam als Quelle.<br \/>\n    * Antispam Bee beschr\u00e4nkt auf Wunsch die Sprache des Kommentars (Deutsch oder Englisch).<\/font><\/p><\/blockquote>\n<p>(Quelle: <a href=\"http:\/\/playground.ebiene.de\/1137\/antispam-bee-wordpress-plugin\/\">Antispam Bee: Das WordPress-Plugin f\u00fcr den Schutz gegen Spam<\/a>)<br \/>\nDie Option das &#8222;Project Honey Pot als Spammer-Quelle heranziehen&#8220; ist nicht aktiviert, wodurch es auch nicht indirekt zu einem Datenaustausch mit einem anderen Projekt gibt. Die Sprache der Kommentare sind auf &#8222;Deutsch&#8220; beschr\u00e4nkt.<\/p>\n<p><u><b>Cookies<\/b><\/u><br \/>\nDa es auf meinem Blog keine anderen User, als meine Wenigkeit und meinem Freund (Account &#8222;Gehirnsturm&#8220;) angemeldet tummeln, wird beim Besuch meiner Seite kein Cookie von mir installiert.<br \/>\n<u>Cookies Dritter<\/u><br \/>\nDa ich vor allem mit kleinen Videos die Beitr\u00e4ge visuell unterst\u00fctzen will, werden aber Cookies von Dritten auf dem Rechner installiert.<br \/>\nWelche Cookies vom Browser installiert wird h\u00e4ngt von verschiedenen Faktoren ab, so z.B. ob man einen Account bei dem Anbieter hat und das automatische Einloggen aktiviert ist und \u00e4hnliches.<br \/>\nAllgemein ist nochmal zu Cookies folgendes zu sagen:<br \/>\n<i>Ein sogenannter Cookie ist eine kleine Datei, die von einem Webserver an Euren Browser \u00fcbermittelt und von diesem bei jedem Zugriff auf eine neue Seite mitgeschickt wird. Eingebettet Anbieter setzen solche Cookies aus technischen Gr\u00fcnden ein, um Euch einen komfortablen Zugriff auf das Angebot zu erm\u00f6glichen. Man kann in den Browsern die Annahme von Cookies unterbinden, was aber zu Komfortverlust f\u00fchren kann.<\/i><\/p>\n<p><u><b>Kommentare<\/b><\/u><br \/>\n<u>Gravatar<\/u><br \/>\nBei Kommentare gilt das obige, mit ein paar wenige Ausnahmen. Zum einen sucht die Software bei &#8222;Gravatar.com&#8220;, ob von dem Kommentarabsender ein Avatar hinterlegt ist. Dies wird anhand der angegebenen Mailadresse \u00fcbermittelt. Das hei\u00dft, das zum Abgleich die Mailadresse an den Dienst &#8222;gravatar.com&#8220; gesendet. Ist dort f\u00fcr die Mailadresse ein Avatar hinterlegt wird dieses an meinen Blog \u00fcbermittelt und wird dem Kommentar hinzugef\u00fcgt.<br \/>\nEine Identifizierung dadurch kann verhindert werden, in dem man in das Mailfeld eine Fantasie-Mail eintr\u00e4gt. Man sollte dabei beachten, das es sich um eine Mailadresse handelt, die nicht einem Dritten zuzuordnen ist.<br \/>\n<a href=\"http:\/\/automattic.com\/privacy\/\">Datenschutzerkl\u00e4rung von &#8222;Gravatar.com&#8220;<\/a> (Engl.)<br \/>\n<u>Mailmitteilung<\/u><br \/>\nWer bei mir einen Kommentar abgeben will, der erkl\u00e4rt sich damit einverstanden, das ich eine Mitteilung per Mail bekomme, in der alle Daten zu dem Kommentar angegeben sind.<br \/>\nNeben dem Kommentar, f\u00fcr welchen Artikel dieser verfasst wurde sind es noch folgende Daten:<br \/>\n&#8211; Autor, inkl. IP-Adresse (diese wird im Gegensatz zu den Besucher-IPs nicht verschl\u00fcsselt)<br \/>\n&#8211; E-Mail (die in dem entsp. Feld eingetragen ist)<br \/>\n&#8211; URL (wenn eine entsp. in dem daf\u00fcr vorgesehene Fenster eingetragen wurde)<\/p>\n<p>Wer dies nicht m\u00f6chte, muss auf einen Kommentar auf meinem Blog verzichten. Eine Verwertung und Speicherung der Daten erfolgt in der Regel nicht. Au\u00dfen vor bleiben Kommentare, die gegen das deutsche Recht oder meiner Person wenden. Diese Mails mit allen Daten werde ich Sichern und eventuell entsprechenden Stellen zu Verf\u00fcgung stellen.<\/p>\n<p><u><b>Dienste Dritter<\/b><\/u><br \/>\nWie bereits bei den Cookies erl\u00e4utert, gibt es keine Dienste Dritter, die auf meiner Seite eingebunden sind. Weder Analysewerkzeuge (z.B. Google Analytics), noch Werbung (z.B. Banner, AdWords, diverse Widgets) l\u00e4uft, werden keine Daten an solche Dritten Anbieter weitergegeben.<br \/>\n<u>Eingebundene Videos<\/u><br \/>\nUm meine Artikel visuell zu unterst\u00fctzen benutze ich Videos, die ich von den entsprechenden Anbieter in meine Artikel einbinde. Damit man die Videos sehen kann, werden die Daten des Besuchers an diesen Dritten Anbieter weitergeleitet. Das kann man mit entsprechenden Einstellungen und Zusatzprogrammen (z.B. Add-On&#8217;s) f\u00fcr die Browser verhindern.<br \/>\nDiese Einschr\u00e4nkung nehme ich f\u00fcr das bessere Verst\u00e4ndnis meiner Artikel bedauernd in Kauf. Bitte entnehmt den Umgang mit den \u00fcbermittelten Daten bei den entsprechenden Diensten nach.<br \/>\nDa ich meistens YouTube benutze, hier der Link zu deren Datenschutzerkl\u00e4rung: <a href=\"http:\/\/www.youtube.com\/t\/privacy_at_youtube\">Datenschutz bei YouTube<\/a><\/p>\n<p><u><b>Schlusswort<\/b><\/u><\/p>\n<p>Ich hoffe, das ich keine Information vergessen habe, was mit den Daten geschieht, wenn Ihr meine Seite besucht.<br \/>\nSollte Euch was auffallen, dann bin ich f\u00fcr einen Hinweis dankbar. Gerne auch einfach \u00fcber mein <a href=\"http:\/\/gehirnsturm.info\/?page_id=1765\">Kontaktformular<\/a>, dem <a href=\"http:\/\/gehirnsturm.info\/?page_id=1762\">anonymen Briefkasten<\/a> oder einfach per <a href=\"http:\/\/gehirnsturm.info\/?page_id=10\">Mail<\/a>.<\/p>\n<p>Da sich die Technik immer wieder \u00c4ndert und es f\u00fcr manche L\u00f6sungen neue Techniken geben wird, ist die Datenschutzerkl\u00e4rung eine dynamische Seite, weswegen ich den Stand der Erkl\u00e4rung ganz unten immer verzeichne.<\/p>\n<p>Euer<\/p>\n<p>Gaston<br \/>\n<a href=\"http:\/\/gehirnsturm.info\/?attachment_id=2214\" rel=\"attachment wp-att-2214\"><img decoding=\"async\" loading=\"lazy\" src=\"http:\/\/gehirnsturm.info\/wp-content\/uploads\/2011\/04\/Name-klammer.png\" alt=\"\" title=\"Name-klammer\" width=\"86\" height=\"10\" class=\"alignleft size-full wp-image-2214\" \/><\/a><br \/>\n<br \/>\nStand: 01.Juni 2011<\/p>\n","protected":false},"excerpt":{"rendered":"<p>Pr\u00e4ambel Mir ist der Datenschutz wichtig. Von daher habe ich mich bem\u00fcht, auf meine Seite den Datenschutz soweit dies m\u00f6glich ist und f\u00fcr mich vertretbar zu gew\u00e4hrleisten. So benutze ich zwar &#8222;StatPress&#8220;, um ein &#8222;\u00dcberblick&#8220; \u00fcber die Besucher und wo &hellip; <a href=\"http:\/\/gehirnsturm.info\/?page_id=2112\">Weiterlesen <span class=\"meta-nav\">&rarr;<\/span><\/a><\/p>\n","protected":false},"author":2,"featured_media":0,"parent":10,"menu_order":0,"comment_status":"closed","ping_status":"closed","template":"","meta":[],"_links":{"self":[{"href":"http:\/\/gehirnsturm.info\/index.php?rest_route=\/wp\/v2\/pages\/2112"}],"collection":[{"href":"http:\/\/gehirnsturm.info\/index.php?rest_route=\/wp\/v2\/pages"}],"about":[{"href":"http:\/\/gehirnsturm.info\/index.php?rest_route=\/wp\/v2\/types\/page"}],"author":[{"embeddable":true,"href":"http:\/\/gehirnsturm.info\/index.php?rest_route=\/wp\/v2\/users\/2"}],"replies":[{"embeddable":true,"href":"http:\/\/gehirnsturm.info\/index.php?rest_route=%2Fwp%2Fv2%2Fcomments&post=2112"}],"version-history":[{"count":36,"href":"http:\/\/gehirnsturm.info\/index.php?rest_route=\/wp\/v2\/pages\/2112\/revisions"}],"predecessor-version":[{"id":2489,"href":"http:\/\/gehirnsturm.info\/index.php?rest_route=\/wp\/v2\/pages\/2112\/revisions\/2489"}],"up":[{"embeddable":true,"href":"http:\/\/gehirnsturm.info\/index.php?rest_route=\/wp\/v2\/pages\/10"}],"wp:attachment":[{"href":"http:\/\/gehirnsturm.info\/index.php?rest_route=%2Fwp%2Fv2%2Fmedia&parent=2112"}],"curies":[{"name":"wp","href":"https:\/\/api.w.org\/{rel}","templated":true}]}}