{"id":305,"date":"2009-09-14T21:05:56","date_gmt":"2009-09-14T19:05:56","guid":{"rendered":"http:\/\/ichbinterrorist.de\/?page_id=305"},"modified":"2010-12-09T00:27:32","modified_gmt":"2010-12-08T23:27:32","slug":"lizenzbedingungen-fur-die-eingestellten-artikel","status":"publish","type":"page","link":"http:\/\/gehirnsturm.info\/?page_id=305","title":{"rendered":"Lizenzbedingungen"},"content":{"rendered":"<p>So weit nicht anders verzeichnet sind alle Beitr\u00e4ge, die von dem Autor &#8222;Gaston&#8220;, also von mir stammen, unter folgender Lizenz ver\u00f6ffentlicht:<\/p>\n<blockquote><p><a rel=\"license\" href=\"http:\/\/creativecommons.org\/licenses\/by-nc-nd\/3.0\/de\/\"><img decoding=\"async\" alt=\"Creative Commons License\" style=\"border-width:0\" src=\"http:\/\/i.creativecommons.org\/l\/by-nc-nd\/3.0\/de\/88x31.png\" \/><\/a><br \/>Die Werke bzw. Inhalte des Autors &#8222;Gaston&#8220;, soweit nicht anders angegeben, sind unter einer <a rel=\"license\" href=\"http:\/\/creativecommons.org\/licenses\/by-nc-nd\/3.0\/de\/\">Creative Commons-Lizenz<\/a> lizenziert.<\/p><\/blockquote>\n<p style=\"text-align:justify\">Es ist erlaubt den Inhalt unver\u00e4ndert und unter Nennung des Autorenpseudonym f\u00fcr nicht kommerzielle Zwecke frei zu nutzen. F\u00fcr kommerzielle Nutzung und \u00c4nderungen des Inhaltes bed\u00fcrfen der Zustimmung des Autors.<br \/>\nInhalte von Dritten sind von dieser Lizenz ausgeklammert und es gelten die entsprechenden Lizenzen der Urheber.<\/p>\n<p><b><u>Die Header-Grafik<\/u><\/b><br \/>\nDie Grafik im &#8222;Header&#8220; ist eine Zeichnung, die ich eingescannt habe. Die Datei ist dann invertiert worden. Sowohl die Zeichnung, wie auch die digitale Bearbeitung sind von mir. Alle Rechte dieser Grafik liegen bei mir und eine Nutzung, ohne ausdr\u00fcckliche Genehmigung ist jede Nutzung untersagt.<br \/>\n\u00a9 by Georg Slobodzian<\/p>\n","protected":false},"excerpt":{"rendered":"<p>So weit nicht anders verzeichnet sind alle Beitr\u00e4ge, die von dem Autor &#8222;Gaston&#8220;, also von mir stammen, unter folgender Lizenz ver\u00f6ffentlicht: Die Werke bzw. Inhalte des Autors &#8222;Gaston&#8220;, soweit nicht anders angegeben, sind unter einer Creative Commons-Lizenz lizenziert. Es ist &hellip; <a href=\"http:\/\/gehirnsturm.info\/?page_id=305\">Weiterlesen <span class=\"meta-nav\">&rarr;<\/span><\/a><\/p>\n","protected":false},"author":2,"featured_media":0,"parent":0,"menu_order":1,"comment_status":"closed","ping_status":"closed","template":"","meta":[],"_links":{"self":[{"href":"http:\/\/gehirnsturm.info\/index.php?rest_route=\/wp\/v2\/pages\/305"}],"collection":[{"href":"http:\/\/gehirnsturm.info\/index.php?rest_route=\/wp\/v2\/pages"}],"about":[{"href":"http:\/\/gehirnsturm.info\/index.php?rest_route=\/wp\/v2\/types\/page"}],"author":[{"embeddable":true,"href":"http:\/\/gehirnsturm.info\/index.php?rest_route=\/wp\/v2\/users\/2"}],"replies":[{"embeddable":true,"href":"http:\/\/gehirnsturm.info\/index.php?rest_route=%2Fwp%2Fv2%2Fcomments&post=305"}],"version-history":[{"count":6,"href":"http:\/\/gehirnsturm.info\/index.php?rest_route=\/wp\/v2\/pages\/305\/revisions"}],"predecessor-version":[{"id":1770,"href":"http:\/\/gehirnsturm.info\/index.php?rest_route=\/wp\/v2\/pages\/305\/revisions\/1770"}],"wp:attachment":[{"href":"http:\/\/gehirnsturm.info\/index.php?rest_route=%2Fwp%2Fv2%2Fmedia&parent=305"}],"curies":[{"name":"wp","href":"https:\/\/api.w.org\/{rel}","templated":true}]}}