{"id":4282,"date":"2012-05-06T09:39:28","date_gmt":"2012-05-06T07:39:28","guid":{"rendered":"http:\/\/gehirnsturm.info\/?page_id=4282"},"modified":"2012-05-06T09:42:56","modified_gmt":"2012-05-06T07:42:56","slug":"rechtliches-zum-ebook-download","status":"publish","type":"page","link":"http:\/\/gehirnsturm.info\/?page_id=4282","title":{"rendered":"Rechtliches zum Download von Artikeln im eBook-Format"},"content":{"rendered":"<p><a href=\"http:\/\/gehirnsturm.info\/wp-content\/uploads\/2012\/05\/Gehirnsturm-Logo-eBook.png\"><img decoding=\"async\" loading=\"lazy\" src=\"http:\/\/gehirnsturm.info\/wp-content\/uploads\/2012\/05\/Gehirnsturm-Logo-eBook.png\" alt=\"\" title=\"Gehirnsturm-Logo-eBook\" width=\"400\" height=\"179\" class=\"aligncenter size-full wp-image-4285\" srcset=\"http:\/\/gehirnsturm.info\/wp-content\/uploads\/2012\/05\/Gehirnsturm-Logo-eBook.png 400w, http:\/\/gehirnsturm.info\/wp-content\/uploads\/2012\/05\/Gehirnsturm-Logo-eBook-300x134.png 300w\" sizes=\"(max-width: 400px) 100vw, 400px\" \/><\/a><\/p>\n<p>Ich biete meine Artikel teilweise als Download im eBook-Format &#8222;.epub&#8220; an.<br \/>\nDiese sind kostenlos herunter ladbar.<\/p>\n<p>In Deutschland, wie auch in vielen anderen L\u00e4ndern gibt es auch f\u00fcr &#8222;B\u00fccher&#8220; in einen der eBook-Formate eine Preisbindung gem\u00e4\u00df der gesetzlichen Preisbindung.<\/p>\n<p>Ich erkl\u00e4re hiermit, das meine angebotenen Downloads keine Werke sind, die der gesetzlichen Preisbindung unterliegen.<br \/>\nDie Lizenzen f\u00fcr die Downloads entsprechen den Lizenzen der entsprechend auf dieser Seite angebotenen Artikel.<\/p>\n","protected":false},"excerpt":{"rendered":"<p>Ich biete meine Artikel teilweise als Download im eBook-Format &#8222;.epub&#8220; an. Diese sind kostenlos herunter ladbar. In Deutschland, wie auch in vielen anderen L\u00e4ndern gibt es auch f\u00fcr &#8222;B\u00fccher&#8220; in einen der eBook-Formate eine Preisbindung gem\u00e4\u00df der gesetzlichen Preisbindung. Ich &hellip; <a href=\"http:\/\/gehirnsturm.info\/?page_id=4282\">Weiterlesen <span class=\"meta-nav\">&rarr;<\/span><\/a><\/p>\n","protected":false},"author":2,"featured_media":0,"parent":305,"menu_order":0,"comment_status":"closed","ping_status":"closed","template":"","meta":[],"_links":{"self":[{"href":"http:\/\/gehirnsturm.info\/index.php?rest_route=\/wp\/v2\/pages\/4282"}],"collection":[{"href":"http:\/\/gehirnsturm.info\/index.php?rest_route=\/wp\/v2\/pages"}],"about":[{"href":"http:\/\/gehirnsturm.info\/index.php?rest_route=\/wp\/v2\/types\/page"}],"author":[{"embeddable":true,"href":"http:\/\/gehirnsturm.info\/index.php?rest_route=\/wp\/v2\/users\/2"}],"replies":[{"embeddable":true,"href":"http:\/\/gehirnsturm.info\/index.php?rest_route=%2Fwp%2Fv2%2Fcomments&post=4282"}],"version-history":[{"count":5,"href":"http:\/\/gehirnsturm.info\/index.php?rest_route=\/wp\/v2\/pages\/4282\/revisions"}],"predecessor-version":[{"id":4291,"href":"http:\/\/gehirnsturm.info\/index.php?rest_route=\/wp\/v2\/pages\/4282\/revisions\/4291"}],"up":[{"embeddable":true,"href":"http:\/\/gehirnsturm.info\/index.php?rest_route=\/wp\/v2\/pages\/305"}],"wp:attachment":[{"href":"http:\/\/gehirnsturm.info\/index.php?rest_route=%2Fwp%2Fv2%2Fmedia&parent=4282"}],"curies":[{"name":"wp","href":"https:\/\/api.w.org\/{rel}","templated":true}]}}